{"id":1288,"date":"2024-04-10T07:50:44","date_gmt":"2024-04-10T07:50:44","guid":{"rendered":"https:\/\/test87546.futurehost.pl\/?page_id=1288"},"modified":"2024-06-06T05:42:56","modified_gmt":"2024-06-06T05:42:56","slug":"%d0%bf%d0%be%d0%b4%d1%96%d1%97","status":"publish","type":"page","link":"https:\/\/test87546.futurehost.pl\/?page_id=1288&lang=uk","title":{"rendered":"\u041f\u043e\u0434\u0456\u0457"},"content":{"rendered":"\t\t<div data-elementor-type=\"wp-page\" data-elementor-id=\"1288\" class=\"elementor elementor-1288 elementor-995\" data-elementor-post-type=\"page\">\n\t\t\t\t<div class=\"elementor-element elementor-element-bdc7230 e-flex e-con-boxed e-con e-parent\" data-id=\"bdc7230\" data-element_type=\"container\">\n\t\t\t\t\t<div class=\"e-con-inner\">\n\t\t\t\t<div class=\"elementor-element elementor-element-a619bac elementor-grid-3 elementor-grid-tablet-2 elementor-grid-mobile-1 elementor-posts--thumbnail-top elementor-widget elementor-widget-posts\" data-id=\"a619bac\" data-element_type=\"widget\" data-settings=\"{&quot;pagination_type&quot;:&quot;numbers&quot;,&quot;classic_columns&quot;:&quot;3&quot;,&quot;classic_columns_tablet&quot;:&quot;2&quot;,&quot;classic_columns_mobile&quot;:&quot;1&quot;,&quot;classic_row_gap&quot;:{&quot;unit&quot;:&quot;px&quot;,&quot;size&quot;:35,&quot;sizes&quot;:[]},&quot;classic_row_gap_tablet&quot;:{&quot;unit&quot;:&quot;px&quot;,&quot;size&quot;:&quot;&quot;,&quot;sizes&quot;:[]},&quot;classic_row_gap_mobile&quot;:{&quot;unit&quot;:&quot;px&quot;,&quot;size&quot;:&quot;&quot;,&quot;sizes&quot;:[]}}\" data-widget_type=\"posts.classic\">\n\t\t\t\t<div class=\"elementor-widget-container\">\n\t\t\t\t\t\t\t<div class=\"elementor-posts-container elementor-posts elementor-posts--skin-classic elementor-grid\">\n\t\t\t\t<article class=\"elementor-post elementor-grid-item post-142 post type-post status-publish format-standard has-post-thumbnail hentry category-wydarzenia\">\n\t\t\t\t<a class=\"elementor-post__thumbnail__link\" href=\"https:\/\/test87546.futurehost.pl\/?p=142\" tabindex=\"-1\" >\n\t\t\t<div class=\"elementor-post__thumbnail\"><img fetchpriority=\"high\" decoding=\"async\" width=\"1280\" height=\"960\" src=\"https:\/\/test87546.futurehost.pl\/wp-content\/uploads\/2024\/03\/PCPM_1.jpg\" class=\"attachment-full size-full wp-image-143\" alt=\"\" srcset=\"https:\/\/test87546.futurehost.pl\/wp-content\/uploads\/2024\/03\/PCPM_1.jpg 1280w, https:\/\/test87546.futurehost.pl\/wp-content\/uploads\/2024\/03\/PCPM_1-300x225.jpg 300w, https:\/\/test87546.futurehost.pl\/wp-content\/uploads\/2024\/03\/PCPM_1-1024x768.jpg 1024w, https:\/\/test87546.futurehost.pl\/wp-content\/uploads\/2024\/03\/PCPM_1-768x576.jpg 768w\" sizes=\"(max-width: 1280px) 100vw, 1280px\" \/><\/div>\n\t\t<\/a>\n\t\t\t\t<div class=\"elementor-post__text\">\n\t\t\t\t<h3 class=\"elementor-post__title\">\n\t\t\t<a href=\"https:\/\/test87546.futurehost.pl\/?p=142\" >\n\t\t\t\tPolskie Centrum Pomocy Mi\u0119dzynarodowej obecne na Ukrainie od pocz\u0105tku rosyjskiej inwazji\t\t\t<\/a>\n\t\t<\/h3>\n\t\t\t\t<div class=\"elementor-post__meta-data\">\n\t\t\t\t\t<span class=\"elementor-post-date\">\n\t\t\t2024-03-26\t\t<\/span>\n\t\t\t\t<\/div>\n\t\t\t\t<div class=\"elementor-post__excerpt\">\n\t\t\t<p>Ewakuacje, dostarczanie paczek, organizowanie bezpiecznego miejsca, pomoc tu\u017c przy linii frontu. Przez ostatnie dwa lata pracownicy i\u00a0wolontariusze Polskiego Centrum Pomocy<\/p>\n\t\t<\/div>\n\t\t\t\t\t<div class=\"elementor-post__read-more-wrapper\">\n\t\t\n\t\t<a class=\"elementor-post__read-more\" href=\"https:\/\/test87546.futurehost.pl\/?p=142\" aria-label=\"Read more about Polskie Centrum Pomocy Mi\u0119dzynarodowej obecne na Ukrainie od pocz\u0105tku rosyjskiej inwazji\" tabindex=\"-1\" >\n\t\t\t\u0427\u0438\u0442\u0430\u0439 \u0431\u0456\u043b\u044c\u0448\u0435\t\t<\/a>\n\n\t\t\t\t\t<\/div>\n\t\t\t\t<\/div>\n\t\t\t\t<\/article>\n\t\t\t\t<article class=\"elementor-post elementor-grid-item post-139 post type-post status-publish format-standard has-post-thumbnail hentry category-wydarzenia\">\n\t\t\t\t<a class=\"elementor-post__thumbnail__link\" href=\"https:\/\/test87546.futurehost.pl\/?p=139\" tabindex=\"-1\" >\n\t\t\t<div class=\"elementor-post__thumbnail\"><img decoding=\"async\" width=\"1500\" height=\"1000\" src=\"https:\/\/test87546.futurehost.pl\/wp-content\/uploads\/2024\/03\/Konferencjaa_1.jpg\" class=\"attachment-full size-full wp-image-140\" alt=\"\" srcset=\"https:\/\/test87546.futurehost.pl\/wp-content\/uploads\/2024\/03\/Konferencjaa_1.jpg 1500w, https:\/\/test87546.futurehost.pl\/wp-content\/uploads\/2024\/03\/Konferencjaa_1-300x200.jpg 300w, https:\/\/test87546.futurehost.pl\/wp-content\/uploads\/2024\/03\/Konferencjaa_1-1024x683.jpg 1024w, https:\/\/test87546.futurehost.pl\/wp-content\/uploads\/2024\/03\/Konferencjaa_1-768x512.jpg 768w\" sizes=\"(max-width: 1500px) 100vw, 1500px\" \/><\/div>\n\t\t<\/a>\n\t\t\t\t<div class=\"elementor-post__text\">\n\t\t\t\t<h3 class=\"elementor-post__title\">\n\t\t\t<a href=\"https:\/\/test87546.futurehost.pl\/?p=139\" >\n\t\t\t\tW Kijowie odby\u0142a si\u0119 polsko-ukrai\u0144ska konferencja\t\t\t<\/a>\n\t\t<\/h3>\n\t\t\t\t<div class=\"elementor-post__meta-data\">\n\t\t\t\t\t<span class=\"elementor-post-date\">\n\t\t\t2024-03-26\t\t<\/span>\n\t\t\t\t<\/div>\n\t\t\t\t<div class=\"elementor-post__excerpt\">\n\t\t\t<p>Relacje polsko-ukrai\u0144skie cz\u0119sto wype\u0142nione s\u0105 emocjami, kt\u00f3re przys\u0142aniaj\u0105 wsp\u00f3lne interesy strategiczne, a\u00a0mi\u0119dzy naszymi spo\u0142ecze\u0144stwami wci\u0105\u017c brakuje dialogu i\u00a0wzajemnego zrozumienia \u2013<\/p>\n\t\t<\/div>\n\t\t\t\t\t<div class=\"elementor-post__read-more-wrapper\">\n\t\t\n\t\t<a class=\"elementor-post__read-more\" href=\"https:\/\/test87546.futurehost.pl\/?p=139\" aria-label=\"Read more about W Kijowie odby\u0142a si\u0119 polsko-ukrai\u0144ska konferencja\" tabindex=\"-1\" >\n\t\t\t\u0427\u0438\u0442\u0430\u0439 \u0431\u0456\u043b\u044c\u0448\u0435\t\t<\/a>\n\n\t\t\t\t\t<\/div>\n\t\t\t\t<\/div>\n\t\t\t\t<\/article>\n\t\t\t\t<article class=\"elementor-post elementor-grid-item post-136 post type-post status-publish format-standard has-post-thumbnail hentry category-wydarzenia\">\n\t\t\t\t<a class=\"elementor-post__thumbnail__link\" href=\"https:\/\/test87546.futurehost.pl\/?p=136\" tabindex=\"-1\" >\n\t\t\t<div class=\"elementor-post__thumbnail\"><img decoding=\"async\" width=\"2501\" height=\"1668\" src=\"https:\/\/test87546.futurehost.pl\/wp-content\/uploads\/2024\/03\/Marcin_Strzelec_1.jpg\" class=\"attachment-full size-full wp-image-137\" alt=\"\" srcset=\"https:\/\/test87546.futurehost.pl\/wp-content\/uploads\/2024\/03\/Marcin_Strzelec_1.jpg 2501w, https:\/\/test87546.futurehost.pl\/wp-content\/uploads\/2024\/03\/Marcin_Strzelec_1-300x200.jpg 300w, https:\/\/test87546.futurehost.pl\/wp-content\/uploads\/2024\/03\/Marcin_Strzelec_1-1024x683.jpg 1024w, https:\/\/test87546.futurehost.pl\/wp-content\/uploads\/2024\/03\/Marcin_Strzelec_1-768x512.jpg 768w, https:\/\/test87546.futurehost.pl\/wp-content\/uploads\/2024\/03\/Marcin_Strzelec_1-1536x1024.jpg 1536w, https:\/\/test87546.futurehost.pl\/wp-content\/uploads\/2024\/03\/Marcin_Strzelec_1-2048x1366.jpg 2048w\" sizes=\"(max-width: 2501px) 100vw, 2501px\" \/><\/div>\n\t\t<\/a>\n\t\t\t\t<div class=\"elementor-post__text\">\n\t\t\t\t<h3 class=\"elementor-post__title\">\n\t\t\t<a href=\"https:\/\/test87546.futurehost.pl\/?p=136\" >\n\t\t\t\tPolacy powinni pomaga\u0107 Ukrai\u0144com, \u017ceby Ukraina by\u0142a silnym partnerem Polski\t\t\t<\/a>\n\t\t<\/h3>\n\t\t\t\t<div class=\"elementor-post__meta-data\">\n\t\t\t\t\t<span class=\"elementor-post-date\">\n\t\t\t2024-03-26\t\t<\/span>\n\t\t\t\t<\/div>\n\t\t\t\t<div class=\"elementor-post__excerpt\">\n\t\t\t<p>Dr\u00a0Marcin Strzelec, genera\u0142 s\u0142u\u017cby wi\u0119ziennej oraz wsp\u00f3\u0142tw\u00f3rca Szko\u0142y Wy\u017cszej Wymiaru Sprawiedliwo\u015bci by\u0142 go\u015bciem Radia CKPiDE. W\u00a0rozmowie z\u00a0Danut\u0105 Stefanko analizowa\u0142 mi\u0119dzy<\/p>\n\t\t<\/div>\n\t\t\t\t\t<div class=\"elementor-post__read-more-wrapper\">\n\t\t\n\t\t<a class=\"elementor-post__read-more\" href=\"https:\/\/test87546.futurehost.pl\/?p=136\" aria-label=\"Read more about Polacy powinni pomaga\u0107 Ukrai\u0144com, \u017ceby Ukraina by\u0142a silnym partnerem Polski\" tabindex=\"-1\" >\n\t\t\t\u0427\u0438\u0442\u0430\u0439 \u0431\u0456\u043b\u044c\u0448\u0435\t\t<\/a>\n\n\t\t\t\t\t<\/div>\n\t\t\t\t<\/div>\n\t\t\t\t<\/article>\n\t\t\t\t<article class=\"elementor-post elementor-grid-item post-133 post type-post status-publish format-standard has-post-thumbnail hentry category-wydarzenia\">\n\t\t\t\t<a class=\"elementor-post__thumbnail__link\" href=\"https:\/\/test87546.futurehost.pl\/?p=133\" tabindex=\"-1\" >\n\t\t\t<div class=\"elementor-post__thumbnail\"><img loading=\"lazy\" decoding=\"async\" width=\"1920\" height=\"1080\" src=\"https:\/\/test87546.futurehost.pl\/wp-content\/uploads\/2024\/03\/NATO_1.png\" class=\"attachment-full size-full wp-image-134\" alt=\"\" srcset=\"https:\/\/test87546.futurehost.pl\/wp-content\/uploads\/2024\/03\/NATO_1.png 1920w, https:\/\/test87546.futurehost.pl\/wp-content\/uploads\/2024\/03\/NATO_1-300x169.png 300w, https:\/\/test87546.futurehost.pl\/wp-content\/uploads\/2024\/03\/NATO_1-1024x576.png 1024w, https:\/\/test87546.futurehost.pl\/wp-content\/uploads\/2024\/03\/NATO_1-768x432.png 768w, https:\/\/test87546.futurehost.pl\/wp-content\/uploads\/2024\/03\/NATO_1-1536x864.png 1536w\" sizes=\"(max-width: 1920px) 100vw, 1920px\" \/><\/div>\n\t\t<\/a>\n\t\t\t\t<div class=\"elementor-post__text\">\n\t\t\t\t<h3 class=\"elementor-post__title\">\n\t\t\t<a href=\"https:\/\/test87546.futurehost.pl\/?p=133\" >\n\t\t\t\tOr\u0119dzie Prezydenta Rzeczypospolitej Polskiej w 25-lecie Polski w NATO\t\t\t<\/a>\n\t\t<\/h3>\n\t\t\t\t<div class=\"elementor-post__meta-data\">\n\t\t\t\t\t<span class=\"elementor-post-date\">\n\t\t\t2024-03-26\t\t<\/span>\n\t\t\t\t<\/div>\n\t\t\t\t<div class=\"elementor-post__excerpt\">\n\t\t\t<p>Drodzy Rodacy! Szanowni Pa\u0144stwo! 25\u00a0lat temu spe\u0142ni\u0142o si\u0119 marzenie pokole\u0144 Polak\u00f3w. 12\u00a0marca 1999 roku w\u00a0Independence w\u00a0stanie Missouri Polska, a\u00a0wraz z\u00a0ni\u0105<\/p>\n\t\t<\/div>\n\t\t\t\t\t<div class=\"elementor-post__read-more-wrapper\">\n\t\t\n\t\t<a class=\"elementor-post__read-more\" href=\"https:\/\/test87546.futurehost.pl\/?p=133\" aria-label=\"Read more about Or\u0119dzie Prezydenta Rzeczypospolitej Polskiej w 25-lecie Polski w NATO\" tabindex=\"-1\" >\n\t\t\t\u0427\u0438\u0442\u0430\u0439 \u0431\u0456\u043b\u044c\u0448\u0435\t\t<\/a>\n\n\t\t\t\t\t<\/div>\n\t\t\t\t<\/div>\n\t\t\t\t<\/article>\n\t\t\t\t<article class=\"elementor-post elementor-grid-item post-130 post type-post status-publish format-standard has-post-thumbnail hentry category-wydarzenia\">\n\t\t\t\t<a class=\"elementor-post__thumbnail__link\" href=\"https:\/\/test87546.futurehost.pl\/?p=130\" tabindex=\"-1\" >\n\t\t\t<div class=\"elementor-post__thumbnail\"><img loading=\"lazy\" decoding=\"async\" width=\"2560\" height=\"1707\" src=\"https:\/\/test87546.futurehost.pl\/wp-content\/uploads\/2024\/03\/Komisja_1-scaled.jpeg\" class=\"attachment-full size-full wp-image-129\" alt=\"\" srcset=\"https:\/\/test87546.futurehost.pl\/wp-content\/uploads\/2024\/03\/Komisja_1-scaled.jpeg 2560w, https:\/\/test87546.futurehost.pl\/wp-content\/uploads\/2024\/03\/Komisja_1-300x200.jpeg 300w, https:\/\/test87546.futurehost.pl\/wp-content\/uploads\/2024\/03\/Komisja_1-1024x683.jpeg 1024w, https:\/\/test87546.futurehost.pl\/wp-content\/uploads\/2024\/03\/Komisja_1-768x512.jpeg 768w, https:\/\/test87546.futurehost.pl\/wp-content\/uploads\/2024\/03\/Komisja_1-1536x1024.jpeg 1536w, https:\/\/test87546.futurehost.pl\/wp-content\/uploads\/2024\/03\/Komisja_1-2048x1365.jpeg 2048w\" sizes=\"(max-width: 2560px) 100vw, 2560px\" \/><\/div>\n\t\t<\/a>\n\t\t\t\t<div class=\"elementor-post__text\">\n\t\t\t\t<h3 class=\"elementor-post__title\">\n\t\t\t<a href=\"https:\/\/test87546.futurehost.pl\/?p=130\" >\n\t\t\t\tOdby\u0142o si\u0119 IX posiedzenie Polsko-Ukrai\u0144skiej Komisji Mi\u0119dzyrz\u0105dowej ds. Wsp\u00f3\u0142pracy Gospodarczej\t\t\t<\/a>\n\t\t<\/h3>\n\t\t\t\t<div class=\"elementor-post__meta-data\">\n\t\t\t\t\t<span class=\"elementor-post-date\">\n\t\t\t2024-03-26\t\t<\/span>\n\t\t\t\t<\/div>\n\t\t\t\t<div class=\"elementor-post__excerpt\">\n\t\t\t<p>We Lwowie 11\u00a0marca 2024 roku odby\u0142o si\u0119 IX posiedzenie Polsko-Ukrai\u0144skiej Komisji Mi\u0119dzyrz\u0105dowej ds.\u00a0Wsp\u00f3\u0142pracy Gospodarczej. Polsk\u0119 reprezentowali mi\u0119dzy innymi minister rozwoju<\/p>\n\t\t<\/div>\n\t\t\t\t\t<div class=\"elementor-post__read-more-wrapper\">\n\t\t\n\t\t<a class=\"elementor-post__read-more\" href=\"https:\/\/test87546.futurehost.pl\/?p=130\" aria-label=\"Read more about Odby\u0142o si\u0119 IX posiedzenie Polsko-Ukrai\u0144skiej Komisji Mi\u0119dzyrz\u0105dowej ds. Wsp\u00f3\u0142pracy Gospodarczej\" tabindex=\"-1\" >\n\t\t\t\u0427\u0438\u0442\u0430\u0439 \u0431\u0456\u043b\u044c\u0448\u0435\t\t<\/a>\n\n\t\t\t\t\t<\/div>\n\t\t\t\t<\/div>\n\t\t\t\t<\/article>\n\t\t\t\t<\/div>\n\t\t\n\t\t\t\t\t\t<\/div>\n\t\t\t\t<\/div>\n\t\t\t\t\t<\/div>\n\t\t\t\t<\/div>\n\t\t\t\t<\/div>\n\t\t","protected":false},"excerpt":{"rendered":"","protected":false},"author":1,"featured_media":0,"parent":0,"menu_order":0,"comment_status":"closed","ping_status":"closed","template":"","meta":{"site-sidebar-layout":"no-sidebar","site-content-layout":"","ast-site-content-layout":"full-width-container","site-content-style":"default","site-sidebar-style":"default","ast-global-header-display":"","ast-banner-title-visibility":"","ast-main-header-display":"","ast-hfb-above-header-display":"","ast-hfb-below-header-display":"","ast-hfb-mobile-header-display":"","site-post-title":"disabled","ast-breadcrumbs-content":"","ast-featured-img":"disabled","footer-sml-layout":"","ast-disable-related-posts":"","theme-transparent-header-meta":"default","adv-header-id-meta":"","stick-header-meta":"default","header-above-stick-meta":"","header-main-stick-meta":"","header-below-stick-meta":"","astra-migrate-meta-layouts":"default","ast-page-background-enabled":"default","ast-page-background-meta":{"desktop":{"background-color":"var(--ast-global-color-4)","background-image":"","background-repeat":"repeat","background-position":"center center","background-size":"auto","background-attachment":"scroll","background-type":"","background-media":"","overlay-type":"","overlay-color":"","overlay-opacity":"","overlay-gradient":""},"tablet":{"background-color":"","background-image":"","background-repeat":"repeat","background-position":"center center","background-size":"auto","background-attachment":"scroll","background-type":"","background-media":"","overlay-type":"","overlay-color":"","overlay-opacity":"","overlay-gradient":""},"mobile":{"background-color":"","background-image":"","background-repeat":"repeat","background-position":"center center","background-size":"auto","background-attachment":"scroll","background-type":"","background-media":"","overlay-type":"","overlay-color":"","overlay-opacity":"","overlay-gradient":""}},"ast-content-background-meta":{"desktop":{"background-color":"var(--ast-global-color-5)","background-image":"","background-repeat":"repeat","background-position":"center center","background-size":"auto","background-attachment":"scroll","background-type":"","background-media":"","overlay-type":"","overlay-color":"","overlay-opacity":"","overlay-gradient":""},"tablet":{"background-color":"var(--ast-global-color-5)","background-image":"","background-repeat":"repeat","background-position":"center center","background-size":"auto","background-attachment":"scroll","background-type":"","background-media":"","overlay-type":"","overlay-color":"","overlay-opacity":"","overlay-gradient":""},"mobile":{"background-color":"var(--ast-global-color-5)","background-image":"","background-repeat":"repeat","background-position":"center center","background-size":"auto","background-attachment":"scroll","background-type":"","background-media":"","overlay-type":"","overlay-color":"","overlay-opacity":"","overlay-gradient":""}},"footnotes":""},"_links":{"self":[{"href":"https:\/\/test87546.futurehost.pl\/index.php?rest_route=\/wp\/v2\/pages\/1288"}],"collection":[{"href":"https:\/\/test87546.futurehost.pl\/index.php?rest_route=\/wp\/v2\/pages"}],"about":[{"href":"https:\/\/test87546.futurehost.pl\/index.php?rest_route=\/wp\/v2\/types\/page"}],"author":[{"embeddable":true,"href":"https:\/\/test87546.futurehost.pl\/index.php?rest_route=\/wp\/v2\/users\/1"}],"replies":[{"embeddable":true,"href":"https:\/\/test87546.futurehost.pl\/index.php?rest_route=%2Fwp%2Fv2%2Fcomments&post=1288"}],"version-history":[{"count":1,"href":"https:\/\/test87546.futurehost.pl\/index.php?rest_route=\/wp\/v2\/pages\/1288\/revisions"}],"predecessor-version":[{"id":1289,"href":"https:\/\/test87546.futurehost.pl\/index.php?rest_route=\/wp\/v2\/pages\/1288\/revisions\/1289"}],"wp:attachment":[{"href":"https:\/\/test87546.futurehost.pl\/index.php?rest_route=%2Fwp%2Fv2%2Fmedia&parent=1288"}],"curies":[{"name":"wp","href":"https:\/\/api.w.org\/{rel}","templated":true}]}}