{"id":920,"date":"2024-04-09T10:06:08","date_gmt":"2024-04-09T10:06:08","guid":{"rendered":"https:\/\/test87546.futurehost.pl\/?page_id=920"},"modified":"2025-04-01T17:15:53","modified_gmt":"2025-04-01T17:15:53","slug":"ogloszenia","status":"publish","type":"page","link":"https:\/\/test87546.futurehost.pl\/?page_id=920","title":{"rendered":"Og\u0142oszenia"},"content":{"rendered":"\t\t<div data-elementor-type=\"wp-page\" data-elementor-id=\"920\" class=\"elementor elementor-920\" data-elementor-post-type=\"page\">\n\t\t\t\t<div class=\"elementor-element elementor-element-f427ab6 e-flex e-con-boxed e-con e-parent\" data-id=\"f427ab6\" data-element_type=\"container\">\n\t\t\t\t\t<div class=\"e-con-inner\">\n\t\t\t\t<div class=\"elementor-element elementor-element-ea9b182 elementor-grid-3 elementor-grid-tablet-2 elementor-grid-mobile-1 elementor-posts--thumbnail-top elementor-widget elementor-widget-posts\" data-id=\"ea9b182\" data-element_type=\"widget\" data-settings=\"{&quot;pagination_type&quot;:&quot;numbers&quot;,&quot;classic_columns&quot;:&quot;3&quot;,&quot;classic_columns_tablet&quot;:&quot;2&quot;,&quot;classic_columns_mobile&quot;:&quot;1&quot;,&quot;classic_row_gap&quot;:{&quot;unit&quot;:&quot;px&quot;,&quot;size&quot;:35,&quot;sizes&quot;:[]},&quot;classic_row_gap_tablet&quot;:{&quot;unit&quot;:&quot;px&quot;,&quot;size&quot;:&quot;&quot;,&quot;sizes&quot;:[]},&quot;classic_row_gap_mobile&quot;:{&quot;unit&quot;:&quot;px&quot;,&quot;size&quot;:&quot;&quot;,&quot;sizes&quot;:[]}}\" data-widget_type=\"posts.classic\">\n\t\t\t\t<div class=\"elementor-widget-container\">\n\t\t\t\t\t\t\t<div class=\"elementor-posts-container elementor-posts elementor-posts--skin-classic elementor-grid\">\n\t\t\t\t<article class=\"elementor-post elementor-grid-item post-360 post type-post status-publish format-standard has-post-thumbnail hentry category-ogloszenia\">\n\t\t\t\t<a class=\"elementor-post__thumbnail__link\" href=\"https:\/\/test87546.futurehost.pl\/?p=360\" tabindex=\"-1\" >\n\t\t\t<div class=\"elementor-post__thumbnail\"><img fetchpriority=\"high\" decoding=\"async\" width=\"1920\" height=\"2560\" src=\"https:\/\/test87546.futurehost.pl\/wp-content\/uploads\/2024\/03\/Plakat_PL-scaled.jpg\" class=\"attachment-full size-full wp-image-361\" alt=\"\" srcset=\"https:\/\/test87546.futurehost.pl\/wp-content\/uploads\/2024\/03\/Plakat_PL-scaled.jpg 1920w, https:\/\/test87546.futurehost.pl\/wp-content\/uploads\/2024\/03\/Plakat_PL-225x300.jpg 225w, https:\/\/test87546.futurehost.pl\/wp-content\/uploads\/2024\/03\/Plakat_PL-768x1024.jpg 768w, https:\/\/test87546.futurehost.pl\/wp-content\/uploads\/2024\/03\/Plakat_PL-1152x1536.jpg 1152w, https:\/\/test87546.futurehost.pl\/wp-content\/uploads\/2024\/03\/Plakat_PL-1536x2048.jpg 1536w\" sizes=\"(max-width: 1920px) 100vw, 1920px\" \/><\/div>\n\t\t<\/a>\n\t\t\t\t<div class=\"elementor-post__text\">\n\t\t\t\t<h3 class=\"elementor-post__title\">\n\t\t\t<a href=\"https:\/\/test87546.futurehost.pl\/?p=360\" >\n\t\t\t\tObchody 105. rocznicy odzyskania przez Polsk\u0119 niepodleg\u0142o\u015bci\t\t\t<\/a>\n\t\t<\/h3>\n\t\t\t\t<div class=\"elementor-post__meta-data\">\n\t\t\t\t\t<span class=\"elementor-post-date\">\n\t\t\t2024-03-27\t\t<\/span>\n\t\t\t\t<\/div>\n\t\t\t\t<div class=\"elementor-post__excerpt\">\n\t\t\t<p>Zapraszamy do\u0142\u0105czy\u0107 do obchod\u00f3w Narodowego \u015awi\u0119ta Niepodleg\u0142o\u015bci Polski w\u00a0Iwano-Frankiwsku, dawnym Stanis\u0142awowie, 11\u00a0listopada 2023 roku. 9:00\u00a0godz. \u2013 Msza \u015awi\u0119ta w\u00a0intencji Polski<\/p>\n\t\t<\/div>\n\t\t\t\t\t<div class=\"elementor-post__read-more-wrapper\">\n\t\t\n\t\t<a class=\"elementor-post__read-more\" href=\"https:\/\/test87546.futurehost.pl\/?p=360\" aria-label=\"Read more about Obchody 105. rocznicy odzyskania przez Polsk\u0119 niepodleg\u0142o\u015bci\" tabindex=\"-1\" >\n\t\t\tCZYTAJ WI\u0118CEJ\t\t<\/a>\n\n\t\t\t\t\t<\/div>\n\t\t\t\t<\/div>\n\t\t\t\t<\/article>\n\t\t\t\t<article class=\"elementor-post elementor-grid-item post-357 post type-post status-publish format-standard has-post-thumbnail hentry category-ogloszenia\">\n\t\t\t\t<a class=\"elementor-post__thumbnail__link\" href=\"https:\/\/test87546.futurehost.pl\/?p=357\" tabindex=\"-1\" >\n\t\t\t<div class=\"elementor-post__thumbnail\"><img decoding=\"async\" width=\"2126\" height=\"1299\" src=\"https:\/\/test87546.futurehost.pl\/wp-content\/uploads\/2024\/03\/OLIMPIADA_BANNER_2023ogolny.jpg\" class=\"attachment-full size-full wp-image-358\" alt=\"\" srcset=\"https:\/\/test87546.futurehost.pl\/wp-content\/uploads\/2024\/03\/OLIMPIADA_BANNER_2023ogolny.jpg 2126w, https:\/\/test87546.futurehost.pl\/wp-content\/uploads\/2024\/03\/OLIMPIADA_BANNER_2023ogolny-300x183.jpg 300w, https:\/\/test87546.futurehost.pl\/wp-content\/uploads\/2024\/03\/OLIMPIADA_BANNER_2023ogolny-1024x626.jpg 1024w, https:\/\/test87546.futurehost.pl\/wp-content\/uploads\/2024\/03\/OLIMPIADA_BANNER_2023ogolny-768x469.jpg 768w, https:\/\/test87546.futurehost.pl\/wp-content\/uploads\/2024\/03\/OLIMPIADA_BANNER_2023ogolny-1536x939.jpg 1536w, https:\/\/test87546.futurehost.pl\/wp-content\/uploads\/2024\/03\/OLIMPIADA_BANNER_2023ogolny-2048x1251.jpg 2048w\" sizes=\"(max-width: 2126px) 100vw, 2126px\" \/><\/div>\n\t\t<\/a>\n\t\t\t\t<div class=\"elementor-post__text\">\n\t\t\t\t<h3 class=\"elementor-post__title\">\n\t\t\t<a href=\"https:\/\/test87546.futurehost.pl\/?p=357\" >\n\t\t\t\tVIII Olimpiada Historii Polski dla Polonii i Polak\u00f3w za granic\u0105 2023\/2024\t\t\t<\/a>\n\t\t<\/h3>\n\t\t\t\t<div class=\"elementor-post__meta-data\">\n\t\t\t\t\t<span class=\"elementor-post-date\">\n\t\t\t2024-03-27\t\t<\/span>\n\t\t\t\t<\/div>\n\t\t\t\t<div class=\"elementor-post__excerpt\">\n\t\t\t<p>Fundacja Wolno\u015b\u0107 i\u00a0Demokracja zaprasza do udzia\u0142u w\u00a0VIII\u00a0Olimpiadzie Historii Polski dla Polonii i\u00a0Polak\u00f3w za granic\u0105 2023\/2024. W\u00a0inicjatywie mo\u017ce wzi\u0105\u0107 udzia\u0142 ka\u017cdy<\/p>\n\t\t<\/div>\n\t\t\t\t\t<div class=\"elementor-post__read-more-wrapper\">\n\t\t\n\t\t<a class=\"elementor-post__read-more\" href=\"https:\/\/test87546.futurehost.pl\/?p=357\" aria-label=\"Read more about VIII Olimpiada Historii Polski dla Polonii i Polak\u00f3w za granic\u0105 2023\/2024\" tabindex=\"-1\" >\n\t\t\tCZYTAJ WI\u0118CEJ\t\t<\/a>\n\n\t\t\t\t\t<\/div>\n\t\t\t\t<\/div>\n\t\t\t\t<\/article>\n\t\t\t\t<article class=\"elementor-post elementor-grid-item post-354 post type-post status-publish format-standard has-post-thumbnail hentry category-ogloszenia\">\n\t\t\t\t<a class=\"elementor-post__thumbnail__link\" href=\"https:\/\/test87546.futurehost.pl\/?p=354\" tabindex=\"-1\" >\n\t\t\t<div class=\"elementor-post__thumbnail\"><img decoding=\"async\" width=\"1781\" height=\"2560\" src=\"https:\/\/test87546.futurehost.pl\/wp-content\/uploads\/2024\/03\/SYNDROM_HAMLETA_plakat_PL-scaled.jpg\" class=\"attachment-full size-full wp-image-355\" alt=\"\" srcset=\"https:\/\/test87546.futurehost.pl\/wp-content\/uploads\/2024\/03\/SYNDROM_HAMLETA_plakat_PL-scaled.jpg 1781w, https:\/\/test87546.futurehost.pl\/wp-content\/uploads\/2024\/03\/SYNDROM_HAMLETA_plakat_PL-209x300.jpg 209w, https:\/\/test87546.futurehost.pl\/wp-content\/uploads\/2024\/03\/SYNDROM_HAMLETA_plakat_PL-713x1024.jpg 713w, https:\/\/test87546.futurehost.pl\/wp-content\/uploads\/2024\/03\/SYNDROM_HAMLETA_plakat_PL-768x1104.jpg 768w, https:\/\/test87546.futurehost.pl\/wp-content\/uploads\/2024\/03\/SYNDROM_HAMLETA_plakat_PL-1069x1536.jpg 1069w, https:\/\/test87546.futurehost.pl\/wp-content\/uploads\/2024\/03\/SYNDROM_HAMLETA_plakat_PL-1425x2048.jpg 1425w\" sizes=\"(max-width: 1781px) 100vw, 1781px\" \/><\/div>\n\t\t<\/a>\n\t\t\t\t<div class=\"elementor-post__text\">\n\t\t\t\t<h3 class=\"elementor-post__title\">\n\t\t\t<a href=\"https:\/\/test87546.futurehost.pl\/?p=354\" >\n\t\t\t\tPokaz filmu dokumentalnego \u201eSyndrom Hamleta\u201d\t\t\t<\/a>\n\t\t<\/h3>\n\t\t\t\t<div class=\"elementor-post__meta-data\">\n\t\t\t\t\t<span class=\"elementor-post-date\">\n\t\t\t2024-03-27\t\t<\/span>\n\t\t\t\t<\/div>\n\t\t\t\t<div class=\"elementor-post__excerpt\">\n\t\t\t<p>Centrum Kultury Polskiej i\u00a0Dialogu Europejskiego w\u00a0Iwano-Frankiwsku, dawnym Stanis\u0142awowie, zaprasza na pokaz filmu dokumentalnego \u201eSyndrom Hamleta\u201d oraz spotkanie z\u00a0jego tw\u00f3rcami Eliwir\u0105<\/p>\n\t\t<\/div>\n\t\t\t\t\t<div class=\"elementor-post__read-more-wrapper\">\n\t\t\n\t\t<a class=\"elementor-post__read-more\" href=\"https:\/\/test87546.futurehost.pl\/?p=354\" aria-label=\"Read more about Pokaz filmu dokumentalnego \u201eSyndrom Hamleta\u201d\" tabindex=\"-1\" >\n\t\t\tCZYTAJ WI\u0118CEJ\t\t<\/a>\n\n\t\t\t\t\t<\/div>\n\t\t\t\t<\/div>\n\t\t\t\t<\/article>\n\t\t\t\t<\/div>\n\t\t\n\t\t\t\t<div class=\"e-load-more-anchor\" data-page=\"1\" data-max-page=\"2\" data-next-page=\"https:\/\/test87546.futurehost.pl\/index.php\/wp\/v2\/pages\/920&#038;paged=2?rest_route=\"><\/div>\n\t\t\t\t<nav class=\"elementor-pagination\" aria-label=\"Pagination\">\n\t\t\t<span aria-current=\"page\" class=\"page-numbers current\"><span class=\"elementor-screen-only\">Page<\/span>1<\/span>\n<a class=\"page-numbers\" href=\"https:\/\/test87546.futurehost.pl\/index.php\/wp\/v2\/pages\/920\/?paged=2\"><span class=\"elementor-screen-only\">Page<\/span>2<\/a>\t\t<\/nav>\n\t\t\t\t\t\t<\/div>\n\t\t\t\t<\/div>\n\t\t\t\t\t<\/div>\n\t\t\t\t<\/div>\n\t\t\t\t<\/div>\n\t\t","protected":false},"excerpt":{"rendered":"","protected":false},"author":1,"featured_media":553,"parent":0,"menu_order":0,"comment_status":"closed","ping_status":"closed","template":"","meta":{"site-sidebar-layout":"no-sidebar","site-content-layout":"","ast-site-content-layout":"full-width-container","site-content-style":"default","site-sidebar-style":"default","ast-global-header-display":"","ast-banner-title-visibility":"","ast-main-header-display":"","ast-hfb-above-header-display":"","ast-hfb-below-header-display":"","ast-hfb-mobile-header-display":"","site-post-title":"disabled","ast-breadcrumbs-content":"","ast-featured-img":"disabled","footer-sml-layout":"","ast-disable-related-posts":"","theme-transparent-header-meta":"default","adv-header-id-meta":"","stick-header-meta":"default","header-above-stick-meta":"","header-main-stick-meta":"","header-below-stick-meta":"","astra-migrate-meta-layouts":"set","ast-page-background-enabled":"default","ast-page-background-meta":{"desktop":{"background-color":"var(--ast-global-color-4)","background-image":"","background-repeat":"repeat","background-position":"center center","background-size":"auto","background-attachment":"scroll","background-type":"","background-media":"","overlay-type":"","overlay-color":"","overlay-opacity":"","overlay-gradient":""},"tablet":{"background-color":"","background-image":"","background-repeat":"repeat","background-position":"center center","background-size":"auto","background-attachment":"scroll","background-type":"","background-media":"","overlay-type":"","overlay-color":"","overlay-opacity":"","overlay-gradient":""},"mobile":{"background-color":"","background-image":"","background-repeat":"repeat","background-position":"center center","background-size":"auto","background-attachment":"scroll","background-type":"","background-media":"","overlay-type":"","overlay-color":"","overlay-opacity":"","overlay-gradient":""}},"ast-content-background-meta":{"desktop":{"background-color":"var(--ast-global-color-5)","background-image":"","background-repeat":"repeat","background-position":"center center","background-size":"auto","background-attachment":"scroll","background-type":"","background-media":"","overlay-type":"","overlay-color":"","overlay-opacity":"","overlay-gradient":""},"tablet":{"background-color":"var(--ast-global-color-5)","background-image":"","background-repeat":"repeat","background-position":"center center","background-size":"auto","background-attachment":"scroll","background-type":"","background-media":"","overlay-type":"","overlay-color":"","overlay-opacity":"","overlay-gradient":""},"mobile":{"background-color":"var(--ast-global-color-5)","background-image":"","background-repeat":"repeat","background-position":"center center","background-size":"auto","background-attachment":"scroll","background-type":"","background-media":"","overlay-type":"","overlay-color":"","overlay-opacity":"","overlay-gradient":""}},"footnotes":""},"_links":{"self":[{"href":"https:\/\/test87546.futurehost.pl\/index.php?rest_route=\/wp\/v2\/pages\/920"}],"collection":[{"href":"https:\/\/test87546.futurehost.pl\/index.php?rest_route=\/wp\/v2\/pages"}],"about":[{"href":"https:\/\/test87546.futurehost.pl\/index.php?rest_route=\/wp\/v2\/types\/page"}],"author":[{"embeddable":true,"href":"https:\/\/test87546.futurehost.pl\/index.php?rest_route=\/wp\/v2\/users\/1"}],"replies":[{"embeddable":true,"href":"https:\/\/test87546.futurehost.pl\/index.php?rest_route=%2Fwp%2Fv2%2Fcomments&post=920"}],"version-history":[{"count":39,"href":"https:\/\/test87546.futurehost.pl\/index.php?rest_route=\/wp\/v2\/pages\/920\/revisions"}],"predecessor-version":[{"id":1790,"href":"https:\/\/test87546.futurehost.pl\/index.php?rest_route=\/wp\/v2\/pages\/920\/revisions\/1790"}],"wp:featuredmedia":[{"embeddable":true,"href":"https:\/\/test87546.futurehost.pl\/index.php?rest_route=\/wp\/v2\/media\/553"}],"wp:attachment":[{"href":"https:\/\/test87546.futurehost.pl\/index.php?rest_route=%2Fwp%2Fv2%2Fmedia&parent=920"}],"curies":[{"name":"wp","href":"https:\/\/api.w.org\/{rel}","templated":true}]}}